{"id":178,"date":"2010-01-24T21:38:56","date_gmt":"2010-01-24T21:38:56","guid":{"rendered":"http:\/\/www.yacht-energy.fr\/?page_id=178"},"modified":"2010-01-24T21:38:56","modified_gmt":"2010-01-24T21:38:56","slug":"energie","status":"publish","type":"page","link":"http:\/\/www.yacht-energy.net\/en\/energie\/","title":{"rendered":"Energie"},"content":{"rendered":"<p><strong> Syst\u00e8me de gestion et de distribution d&rsquo;\u00e9nergie <\/strong><\/p>\n<p>Nous assurons la vente, l&rsquo;installation, la maintenance et la fourniture de pi\u00e8ces d\u00e9tach\u00e9es pour g\u00e9n\u00e9rateurs (groupe \u00e9lectrog\u00e8ne) de toutes puissances et de toutes marques (exemple: Kolher, Onan, Mase, etc&#8230;), ainsi que pour convertisseurs de fr\u00e9quence (Asea power, mastervolt, sae, atlas, etc&#8230;)<\/p>\n<p>Installation de transformateur d&rsquo;isolement toutes puissances.<\/p>\n<p>Nous intervenons sur les PMS (power management system) pour les seemless transfert, la synchronisation et la mise en parall\u00e8le de sources avec r\u00e9gulation de tension, de fr\u00e9quence, de r\u00e9partition de charge, de droop, de pid, gestion de bus bar et automatisation (exemple: Deif, Gensys, barber colman,woodward).<\/p>","protected":false},"excerpt":{"rendered":"<p>Syst\u00e8me de gestion et de distribution d&rsquo;\u00e9nergie Nous assurons la vente, l&rsquo;installation, la maintenance et la fourniture de pi\u00e8ces d\u00e9tach\u00e9es pour g\u00e9n\u00e9rateurs (groupe \u00e9lectrog\u00e8ne) de toutes puissances et de toutes marques (exemple: Kolher, Onan, Mase, etc&#8230;), ainsi que pour convertisseurs de fr\u00e9quence (Asea power, mastervolt, sae, atlas, etc&#8230;) Installation de transformateur d&rsquo;isolement toutes puissances. Nous [&hellip;]<\/p>","protected":false},"author":1,"featured_media":0,"parent":0,"menu_order":0,"comment_status":"closed","ping_status":"closed","template":"","meta":[],"_links":{"self":[{"href":"http:\/\/www.yacht-energy.net\/en\/wp-json\/wp\/v2\/pages\/178"}],"collection":[{"href":"http:\/\/www.yacht-energy.net\/en\/wp-json\/wp\/v2\/pages"}],"about":[{"href":"http:\/\/www.yacht-energy.net\/en\/wp-json\/wp\/v2\/types\/page"}],"author":[{"embeddable":true,"href":"http:\/\/www.yacht-energy.net\/en\/wp-json\/wp\/v2\/users\/1"}],"replies":[{"embeddable":true,"href":"http:\/\/www.yacht-energy.net\/en\/wp-json\/wp\/v2\/comments?post=178"}],"version-history":[{"count":0,"href":"http:\/\/www.yacht-energy.net\/en\/wp-json\/wp\/v2\/pages\/178\/revisions"}],"wp:attachment":[{"href":"http:\/\/www.yacht-energy.net\/en\/wp-json\/wp\/v2\/media?parent=178"}],"curies":[{"name":"wp","href":"https:\/\/api.w.org\/{rel}","templated":true}]}}