{"id":18,"date":"2020-07-31T21:26:28","date_gmt":"2020-07-31T19:26:28","guid":{"rendered":"http:\/\/www.yacht-energy.net\/?page_id=18"},"modified":"2020-07-31T21:26:28","modified_gmt":"2020-07-31T19:26:28","slug":"a-propos-de","status":"publish","type":"page","link":"http:\/\/www.yacht-energy.net\/en\/a-propos-de\/","title":{"rendered":"\u00c0 propos de"},"content":{"rendered":"<p>Vous pourriez \u00eatre un artiste et vouloir pr\u00e9senter vos travaux et vous m\u00eame ou encore \u00eatre une entreprise avec une mission \u00e0 promouvoir.<\/p>","protected":false},"excerpt":{"rendered":"<p>Vous pourriez \u00eatre un artiste et vouloir pr\u00e9senter vos travaux et vous m\u00eame ou encore \u00eatre une entreprise avec une mission \u00e0 promouvoir.<\/p>","protected":false},"author":1,"featured_media":0,"parent":0,"menu_order":0,"comment_status":"closed","ping_status":"closed","template":"","meta":[],"_links":{"self":[{"href":"http:\/\/www.yacht-energy.net\/en\/wp-json\/wp\/v2\/pages\/18"}],"collection":[{"href":"http:\/\/www.yacht-energy.net\/en\/wp-json\/wp\/v2\/pages"}],"about":[{"href":"http:\/\/www.yacht-energy.net\/en\/wp-json\/wp\/v2\/types\/page"}],"author":[{"embeddable":true,"href":"http:\/\/www.yacht-energy.net\/en\/wp-json\/wp\/v2\/users\/1"}],"replies":[{"embeddable":true,"href":"http:\/\/www.yacht-energy.net\/en\/wp-json\/wp\/v2\/comments?post=18"}],"version-history":[{"count":1,"href":"http:\/\/www.yacht-energy.net\/en\/wp-json\/wp\/v2\/pages\/18\/revisions"}],"predecessor-version":[{"id":28,"href":"http:\/\/www.yacht-energy.net\/en\/wp-json\/wp\/v2\/pages\/18\/revisions\/28"}],"wp:attachment":[{"href":"http:\/\/www.yacht-energy.net\/en\/wp-json\/wp\/v2\/media?parent=18"}],"curies":[{"name":"wp","href":"https:\/\/api.w.org\/{rel}","templated":true}]}}