{"id":185,"date":"2010-01-31T17:18:03","date_gmt":"2010-01-31T17:18:03","guid":{"rendered":"http:\/\/www.yacht-energy.fr\/?page_id=185"},"modified":"2010-01-31T17:18:03","modified_gmt":"2010-01-31T17:18:03","slug":"supervision-2","status":"publish","type":"page","link":"http:\/\/www.yacht-energy.net\/en\/supervision-2\/","title":{"rendered":"supervision"},"content":{"rendered":"<p>La supervision prend une place importante aujourd&rsquo;hui dans les bateaux pour le controle des niveaux, des pressions, des temp\u00e9ratures, et diverses autres donn\u00e9es importantes telles que les consommations electriques.<br \/>\nLa technologie de bus permet de multiplier les \u00e9crans de supervision (salle des machines, carr\u00e9 \u00e9quipage, timonerie) avec simplement deux fils de liaison.<\/p>","protected":false},"excerpt":{"rendered":"<p>La supervision prend une place importante aujourd&rsquo;hui dans les bateaux pour le controle des niveaux, des pressions, des temp\u00e9ratures, et diverses autres donn\u00e9es importantes telles que les consommations electriques. La technologie de bus permet de multiplier les \u00e9crans de supervision (salle des machines, carr\u00e9 \u00e9quipage, timonerie) avec simplement deux fils de liaison.<\/p>","protected":false},"author":1,"featured_media":0,"parent":0,"menu_order":0,"comment_status":"closed","ping_status":"closed","template":"","meta":[],"_links":{"self":[{"href":"http:\/\/www.yacht-energy.net\/en\/wp-json\/wp\/v2\/pages\/185"}],"collection":[{"href":"http:\/\/www.yacht-energy.net\/en\/wp-json\/wp\/v2\/pages"}],"about":[{"href":"http:\/\/www.yacht-energy.net\/en\/wp-json\/wp\/v2\/types\/page"}],"author":[{"embeddable":true,"href":"http:\/\/www.yacht-energy.net\/en\/wp-json\/wp\/v2\/users\/1"}],"replies":[{"embeddable":true,"href":"http:\/\/www.yacht-energy.net\/en\/wp-json\/wp\/v2\/comments?post=185"}],"version-history":[{"count":0,"href":"http:\/\/www.yacht-energy.net\/en\/wp-json\/wp\/v2\/pages\/185\/revisions"}],"wp:attachment":[{"href":"http:\/\/www.yacht-energy.net\/en\/wp-json\/wp\/v2\/media?parent=185"}],"curies":[{"name":"wp","href":"https:\/\/api.w.org\/{rel}","templated":true}]}}