{"id":187,"date":"2010-01-31T17:19:47","date_gmt":"2010-01-31T17:19:47","guid":{"rendered":"http:\/\/www.yacht-energy.fr\/?page_id=187"},"modified":"2010-01-31T17:19:47","modified_gmt":"2010-01-31T17:19:47","slug":"hydraulique","status":"publish","type":"page","link":"http:\/\/www.yacht-energy.net\/en\/hydraulique\/","title":{"rendered":"hydraulique"},"content":{"rendered":"<p>Entretien, installation et d\u00e9pannage sur circuits hydrauliques de passerelle, garage ou porte, echelle de bain, propulseur d&rsquo;\u00e9trave, grue, chariot de mise \u00e0 l&rsquo;eau, barre, pilote automatique, etc&#8230;<\/p>\n<p>Intervention toutes marques (Sanguineti, Besenzoni, BCS, etc&#8230;)<\/p>","protected":false},"excerpt":{"rendered":"<p>Entretien, installation et d\u00e9pannage sur circuits hydrauliques de passerelle, garage ou porte, echelle de bain, propulseur d&rsquo;\u00e9trave, grue, chariot de mise \u00e0 l&rsquo;eau, barre, pilote automatique, etc&#8230; Intervention toutes marques (Sanguineti, Besenzoni, BCS, etc&#8230;)<\/p>","protected":false},"author":1,"featured_media":0,"parent":0,"menu_order":0,"comment_status":"closed","ping_status":"closed","template":"","meta":[],"_links":{"self":[{"href":"http:\/\/www.yacht-energy.net\/en\/wp-json\/wp\/v2\/pages\/187"}],"collection":[{"href":"http:\/\/www.yacht-energy.net\/en\/wp-json\/wp\/v2\/pages"}],"about":[{"href":"http:\/\/www.yacht-energy.net\/en\/wp-json\/wp\/v2\/types\/page"}],"author":[{"embeddable":true,"href":"http:\/\/www.yacht-energy.net\/en\/wp-json\/wp\/v2\/users\/1"}],"replies":[{"embeddable":true,"href":"http:\/\/www.yacht-energy.net\/en\/wp-json\/wp\/v2\/comments?post=187"}],"version-history":[{"count":0,"href":"http:\/\/www.yacht-energy.net\/en\/wp-json\/wp\/v2\/pages\/187\/revisions"}],"wp:attachment":[{"href":"http:\/\/www.yacht-energy.net\/en\/wp-json\/wp\/v2\/media?parent=187"}],"curies":[{"name":"wp","href":"https:\/\/api.w.org\/{rel}","templated":true}]}}