{"id":232,"date":"2010-02-02T18:39:37","date_gmt":"2010-02-02T18:39:37","guid":{"rendered":"http:\/\/www.yacht-energy.fr\/?page_id=232"},"modified":"2010-02-02T18:39:37","modified_gmt":"2010-02-02T18:39:37","slug":"extraction","status":"publish","type":"page","link":"http:\/\/www.yacht-energy.net\/en\/air-et-eau\/extraction\/","title":{"rendered":"extraction"},"content":{"rendered":"<p>Ne prenez pas le risque de tomber en panne de ventilateur extracteur de salle des machines en pleine saison.<\/p>\n<p>N&rsquo;oubliez pas non plus la hotte de la cuisine.<\/p>\n<p><strong>Yacht energy<\/strong> assure la maintenance et le reconditionnement de tous les moteurs d&rsquo;extracteurs (Gianneschi, etc&#8230;), ainsi que le d\u00e9pannage, la programmation ou le r\u00e9glage des variateurs de fr\u00e9quences qui les commandent. (Variateur de fr\u00e9quence ABB, t\u00e9l\u00e9m\u00e9canique altivar atv, soft start, etc&#8230;)<\/p>\n<p><a href=\"http:\/\/www.yacht-energy.net\/wp-content\/uploads\/2010\/02\/gianneschihelicoidalblower.jpg\"><img loading=\"lazy\" class=\"size-full wp-image-311 alignnone\" title=\"gianneschi extracteur ventilateur\" src=\"http:\/\/www.yacht-energy.net\/wp-content\/uploads\/2010\/02\/gianneschihelicoidalblower.jpg\" alt=\"\" width=\"176\" height=\"178\" srcset=\"http:\/\/www.yacht-energy.net\/wp-content\/uploads\/2010\/02\/gianneschihelicoidalblower.jpg 176w, http:\/\/www.yacht-energy.net\/wp-content\/uploads\/2010\/02\/gianneschihelicoidalblower-12x12.jpg 12w, http:\/\/www.yacht-energy.net\/wp-content\/uploads\/2010\/02\/gianneschihelicoidalblower-100x101.jpg 100w, http:\/\/www.yacht-energy.net\/wp-content\/uploads\/2010\/02\/gianneschihelicoidalblower-150x152.jpg 150w\" sizes=\"(max-width: 176px) 100vw, 176px\" \/><\/a><a href=\"http:\/\/www.yacht-energy.net\/wp-content\/uploads\/2010\/02\/images.jpg\"><img loading=\"lazy\" class=\"size-full wp-image-312 alignnone\" title=\"variateur de fr\u00e9quence altivar atv 11 t\u00e9l\u00e9m\u00e9canique\" src=\"http:\/\/www.yacht-energy.net\/wp-content\/uploads\/2010\/02\/images.jpg\" alt=\"\" width=\"104\" height=\"104\" srcset=\"http:\/\/www.yacht-energy.net\/wp-content\/uploads\/2010\/02\/images.jpg 104w, http:\/\/www.yacht-energy.net\/wp-content\/uploads\/2010\/02\/images-12x12.jpg 12w, http:\/\/www.yacht-energy.net\/wp-content\/uploads\/2010\/02\/images-100x100.jpg 100w\" sizes=\"(max-width: 104px) 100vw, 104px\" \/><\/a><a href=\"http:\/\/www.yacht-energy.net\/wp-content\/uploads\/2010\/02\/Engine_Room.jpg\"><img loading=\"lazy\" class=\"alignnone size-medium wp-image-315\" title=\"Salles des machines\" src=\"http:\/\/www.yacht-energy.net\/wp-content\/uploads\/2010\/02\/Engine_Room-300x204.jpg\" alt=\"\" width=\"300\" height=\"204\" srcset=\"http:\/\/www.yacht-energy.net\/wp-content\/uploads\/2010\/02\/Engine_Room-300x204.jpg 300w, http:\/\/www.yacht-energy.net\/wp-content\/uploads\/2010\/02\/Engine_Room-16x12.jpg 16w, http:\/\/www.yacht-energy.net\/wp-content\/uploads\/2010\/02\/Engine_Room-100x68.jpg 100w, http:\/\/www.yacht-energy.net\/wp-content\/uploads\/2010\/02\/Engine_Room-150x102.jpg 150w, http:\/\/www.yacht-energy.net\/wp-content\/uploads\/2010\/02\/Engine_Room-200x136.jpg 200w, http:\/\/www.yacht-energy.net\/wp-content\/uploads\/2010\/02\/Engine_Room.jpg 450w\" sizes=\"(max-width: 300px) 100vw, 300px\" \/><\/a><\/p>","protected":false},"excerpt":{"rendered":"<p>Ne prenez pas le risque de tomber en panne de ventilateur extracteur de salle des machines en pleine saison. N&rsquo;oubliez pas non plus la hotte de la cuisine. Yacht energy assure la maintenance et le reconditionnement de tous les moteurs d&rsquo;extracteurs (Gianneschi, etc&#8230;), ainsi que le d\u00e9pannage, la programmation ou le r\u00e9glage des variateurs de [&hellip;]<\/p>","protected":false},"author":1,"featured_media":0,"parent":628,"menu_order":0,"comment_status":"closed","ping_status":"closed","template":"","meta":[],"_links":{"self":[{"href":"http:\/\/www.yacht-energy.net\/en\/wp-json\/wp\/v2\/pages\/232"}],"collection":[{"href":"http:\/\/www.yacht-energy.net\/en\/wp-json\/wp\/v2\/pages"}],"about":[{"href":"http:\/\/www.yacht-energy.net\/en\/wp-json\/wp\/v2\/types\/page"}],"author":[{"embeddable":true,"href":"http:\/\/www.yacht-energy.net\/en\/wp-json\/wp\/v2\/users\/1"}],"replies":[{"embeddable":true,"href":"http:\/\/www.yacht-energy.net\/en\/wp-json\/wp\/v2\/comments?post=232"}],"version-history":[{"count":0,"href":"http:\/\/www.yacht-energy.net\/en\/wp-json\/wp\/v2\/pages\/232\/revisions"}],"up":[{"embeddable":true,"href":"http:\/\/www.yacht-energy.net\/en\/wp-json\/wp\/v2\/pages\/628"}],"wp:attachment":[{"href":"http:\/\/www.yacht-energy.net\/en\/wp-json\/wp\/v2\/media?parent=232"}],"curies":[{"name":"wp","href":"https:\/\/api.w.org\/{rel}","templated":true}]}}