{"id":234,"date":"2010-02-02T18:40:47","date_gmt":"2010-02-02T18:40:47","guid":{"rendered":"http:\/\/www.yacht-energy.fr\/?page_id=234"},"modified":"2010-02-02T18:40:47","modified_gmt":"2010-02-02T18:40:47","slug":"pompes","status":"publish","type":"page","link":"http:\/\/www.yacht-energy.net\/en\/electricite-marine-generale\/pompes\/","title":{"rendered":"pompes"},"content":{"rendered":"<p><em><strong>Nous assurons la vente, le d\u00e9pannage, la maintenance et le reconditionnement de tous types de pompes:<\/strong><\/em><\/p>\n<ul>\n<li>Hydrophore (pressostat ou press-control)<\/li>\n<li style=\"text-align: left;\">Incendie<\/li>\n<li style=\"text-align: left;\">Lavage<a href=\"http:\/\/www.yacht-energy.net\/wp-content\/uploads\/2010\/02\/IMG_0220.jpg\"><img loading=\"lazy\" class=\"size-thumbnail wp-image-543 alignright\" title=\"IMG_0220\" src=\"http:\/\/www.yacht-energy.net\/wp-content\/uploads\/2010\/02\/IMG_0220-150x150.jpg\" alt=\"\" width=\"150\" height=\"150\" \/><\/a><\/li>\n<li style=\"text-align: left;\">Ass\u00e8chement<\/li>\n<li style=\"text-align: left;\">Cale (automatique avec flotteur ou manuelle)<\/li>\n<li style=\"text-align: left;\">Eaux grises et noires \u00e0 mac\u00e9rateur ou \u00e0\u00a0 membrane<\/li>\n<li style=\"text-align: left;\">Transfert gaz oil<\/li>\n<li style=\"text-align: left;\">Eau de mer g\u00e9n\u00e9rateur ou air conditionn\u00e9<\/li>\n<li style=\"text-align: left;\">Circulation air conditionn\u00e9 climatisation ou eau chaude sanitaire<\/li>\n<li style=\"text-align: left;\">Dessalinisateur (haute et basse pression)<\/li>\n<\/ul>\n<figure id=\"attachment_544\" aria-describedby=\"caption-attachment-544\" style=\"width: 150px\" class=\"wp-caption aligncenter\"><a href=\"http:\/\/www.yacht-energy.net\/wp-content\/uploads\/2010\/02\/IMG_0208.jpg\"><img loading=\"lazy\" class=\"size-thumbnail wp-image-544\" title=\"bc 22 calpeda\" src=\"http:\/\/www.yacht-energy.net\/wp-content\/uploads\/2010\/02\/IMG_0208-150x150.jpg\" alt=\"\" width=\"150\" height=\"150\" \/><\/a><figcaption id=\"caption-attachment-544\" class=\"wp-caption-text\">Electrolyse sur impeller<\/figcaption><\/figure>\n<p>A chaque maintenance nous rempla\u00e7ons:<\/p>\n<ul>\n<li>Les roulements pompe et moteur<\/li>\n<li>Les joints et garnitures m\u00e9caniques<\/li>\n<li>si besoin, les charbons pour les moteurs en courant continu<\/li>\n<li>Si besoin, nous r\u00e9usinons les corps de pompe<\/li>\n<li>Si besoin l&rsquo;impeller (rouet)<\/li>\n<\/ul>\n<p style=\"text-align: center;\"><strong><em>Service apr\u00e8s vente pour les marques:<\/em><\/strong> Gianneschi acb acm cb mv, calpeda, jabsco, lowara bg<\/p>\n<p style=\"text-align: center;\">","protected":false},"excerpt":{"rendered":"<p>Nous assurons la vente, le d\u00e9pannage, la maintenance et le reconditionnement de tous types de pompes: Hydrophore (pressostat ou press-control) Incendie Lavage Ass\u00e8chement Cale (automatique avec flotteur ou manuelle) Eaux grises et noires \u00e0 mac\u00e9rateur ou \u00e0\u00a0 membrane Transfert gaz oil Eau de mer g\u00e9n\u00e9rateur ou air conditionn\u00e9 Circulation air conditionn\u00e9 climatisation ou eau chaude [&hellip;]<\/p>","protected":false},"author":1,"featured_media":0,"parent":37,"menu_order":0,"comment_status":"closed","ping_status":"closed","template":"","meta":[],"_links":{"self":[{"href":"http:\/\/www.yacht-energy.net\/en\/wp-json\/wp\/v2\/pages\/234"}],"collection":[{"href":"http:\/\/www.yacht-energy.net\/en\/wp-json\/wp\/v2\/pages"}],"about":[{"href":"http:\/\/www.yacht-energy.net\/en\/wp-json\/wp\/v2\/types\/page"}],"author":[{"embeddable":true,"href":"http:\/\/www.yacht-energy.net\/en\/wp-json\/wp\/v2\/users\/1"}],"replies":[{"embeddable":true,"href":"http:\/\/www.yacht-energy.net\/en\/wp-json\/wp\/v2\/comments?post=234"}],"version-history":[{"count":0,"href":"http:\/\/www.yacht-energy.net\/en\/wp-json\/wp\/v2\/pages\/234\/revisions"}],"up":[{"embeddable":true,"href":"http:\/\/www.yacht-energy.net\/en\/wp-json\/wp\/v2\/pages\/37"}],"wp:attachment":[{"href":"http:\/\/www.yacht-energy.net\/en\/wp-json\/wp\/v2\/media?parent=234"}],"curies":[{"name":"wp","href":"https:\/\/api.w.org\/{rel}","templated":true}]}}