{"id":362,"date":"2010-02-06T20:57:56","date_gmt":"2010-02-06T19:57:56","guid":{"rendered":"http:\/\/www.yacht-energy.fr\/?page_id=362"},"modified":"2010-02-06T20:57:56","modified_gmt":"2010-02-06T19:57:56","slug":"eaux-grises-et-noires","status":"publish","type":"page","link":"http:\/\/www.yacht-energy.net\/en\/air-et-eau\/eaux-grises-et-noires\/","title":{"rendered":"eaux grises et noires"},"content":{"rendered":"<p>Nous effectuons tous travaux \u00e0 bord sur les circuits eaux grise et eaux noires.<\/p>\n<ul>\n<li>Gestion de niveaux des tanks (mesures et gestions des transferts), r\u00e9paration ou remplacement de sonde (san giorgio, etc&#8230;)<\/li>\n<\/ul>\n<p style=\"text-align: center;\"><a href=\"http:\/\/www.yacht-energy.net\/wp-content\/uploads\/2010\/02\/sondesein.jpg\"><img loading=\"lazy\" class=\"size-thumbnail wp-image-368 aligncenter\" title=\"sondesein\" src=\"http:\/\/www.yacht-energy.net\/wp-content\/uploads\/2010\/02\/sondesein-150x150.jpg\" alt=\"\" width=\"150\" height=\"150\" srcset=\"http:\/\/www.yacht-energy.net\/wp-content\/uploads\/2010\/02\/sondesein-150x150.jpg 150w, http:\/\/www.yacht-energy.net\/wp-content\/uploads\/2010\/02\/sondesein-300x300.jpg 300w, http:\/\/www.yacht-energy.net\/wp-content\/uploads\/2010\/02\/sondesein-12x12.jpg 12w, http:\/\/www.yacht-energy.net\/wp-content\/uploads\/2010\/02\/sondesein-100x100.jpg 100w, http:\/\/www.yacht-energy.net\/wp-content\/uploads\/2010\/02\/sondesein-200x200.jpg 200w, http:\/\/www.yacht-energy.net\/wp-content\/uploads\/2010\/02\/sondesein.jpg 380w\" sizes=\"(max-width: 150px) 100vw, 150px\" \/><\/a><\/p>\n<ul>\n<li>Reconditionnement de toutes les pompes (giannechi mv44, acb, etc&#8230;)<\/li>\n<\/ul>\n<p style=\"text-align: center;\"><a href=\"http:\/\/www.yacht-energy.net\/wp-content\/uploads\/2010\/02\/mv441.jpg\"><img loading=\"lazy\" class=\"size-thumbnail wp-image-371 aligncenter\" title=\"mv44\" src=\"http:\/\/www.yacht-energy.net\/wp-content\/uploads\/2010\/02\/mv441-150x150.jpg\" alt=\"\" width=\"150\" height=\"150\" \/><\/a><\/p>\n<ul>\n<li>Maintenance sur toilettes et wc Tecma sanisplit ou autres, remplacement d&rsquo;\u00e9lectrovannes, d\u00e9pannage de boitiers de commande \u00e9lectronique, etc&#8230;.<\/li>\n<\/ul>","protected":false},"excerpt":{"rendered":"<p>Nous effectuons tous travaux \u00e0 bord sur les circuits eaux grise et eaux noires. Gestion de niveaux des tanks (mesures et gestions des transferts), r\u00e9paration ou remplacement de sonde (san giorgio, etc&#8230;) Reconditionnement de toutes les pompes (giannechi mv44, acb, etc&#8230;) Maintenance sur toilettes et wc Tecma sanisplit ou autres, remplacement d&rsquo;\u00e9lectrovannes, d\u00e9pannage de boitiers [&hellip;]<\/p>","protected":false},"author":1,"featured_media":0,"parent":628,"menu_order":0,"comment_status":"closed","ping_status":"closed","template":"","meta":[],"_links":{"self":[{"href":"http:\/\/www.yacht-energy.net\/en\/wp-json\/wp\/v2\/pages\/362"}],"collection":[{"href":"http:\/\/www.yacht-energy.net\/en\/wp-json\/wp\/v2\/pages"}],"about":[{"href":"http:\/\/www.yacht-energy.net\/en\/wp-json\/wp\/v2\/types\/page"}],"author":[{"embeddable":true,"href":"http:\/\/www.yacht-energy.net\/en\/wp-json\/wp\/v2\/users\/1"}],"replies":[{"embeddable":true,"href":"http:\/\/www.yacht-energy.net\/en\/wp-json\/wp\/v2\/comments?post=362"}],"version-history":[{"count":0,"href":"http:\/\/www.yacht-energy.net\/en\/wp-json\/wp\/v2\/pages\/362\/revisions"}],"up":[{"embeddable":true,"href":"http:\/\/www.yacht-energy.net\/en\/wp-json\/wp\/v2\/pages\/628"}],"wp:attachment":[{"href":"http:\/\/www.yacht-energy.net\/en\/wp-json\/wp\/v2\/media?parent=362"}],"curies":[{"name":"wp","href":"https:\/\/api.w.org\/{rel}","templated":true}]}}