{"id":37,"date":"2010-01-15T20:53:18","date_gmt":"2010-01-15T20:53:18","guid":{"rendered":"http:\/\/www.yacht-energy.fr\/?page_id=37"},"modified":"2010-01-15T20:53:18","modified_gmt":"2010-01-15T20:53:18","slug":"electricite-marine-generale","status":"publish","type":"page","link":"http:\/\/www.yacht-energy.net\/en\/electricite-marine-generale\/","title":{"rendered":"\u00e9lectricit\u00e9"},"content":{"rendered":"<p style=\"text-align: justify;\">Nous intervenons pour le contr\u00f4le et le remplacement de vos <a href=\"http:\/\/www.yacht-energy.fr\/electricite-marine-generale\/batteries\/\">batteries <\/a>de servitude (service), de d\u00e9marrage moteur, de radio, de syst\u00e8mes d&rsquo;urgence et de secours.<br \/>\nToutes les marques sont repr\u00e9sent\u00e9es selon vos besoins ou vos exigences.<br \/>\nBatteries acide ou gel de marques optima, fiam, maxxima, varta, mastervolt etc&#8230;<br \/>\nNous assurons le contr\u00f4le de la charge avec des <a href=\"http:\/\/www.yacht-energy.fr\/electricite-marine-generale\/chargeurs-de-batteries\/\">chargeurs <\/a>et des <a href=\"http:\/\/www.yacht-energy.fr\/electricite-marine-generale\/alternateur\/\">alternateurs <\/a>de toutes marques.<\/p>\n<p style=\"text-align: justify;\">Nous agissons pour la maintenance de vos <a href=\"http:\/\/www.yacht-energy.fr\/electricite-marine-generale\/guindeaux\/\">guideaux<\/a>, propulseur et <a href=\"http:\/\/www.yacht-energy.fr\/electricite-marine-generale\/pompes\/\">pompes <\/a>de cale, de circulation eau de mer et eau douce, de refroidissement, d&rsquo;ass\u00e8chement.<\/p>\n<p style=\"text-align: justify;\">Nous travaillons sur les syst\u00e8mes de distribution monophas\u00e9s ou triphas\u00e9s jusqu&rsquo;\u00e0 660 volts.<br \/>\nTransformateur d&rsquo;isolement, convertisseur de fr\u00e9quence, g\u00e9n\u00e9rateur (groupe \u00e9lectrog\u00e8ne), isolation galvanique.<\/p>\n<p style=\"text-align: justify;\">Nous sommes capables de r\u00e9aliser des \u00e9tudes pour toutes nouvelles installations \u00e9lectriques compl\u00e8tes ou cibl\u00e9es comme la r\u00e9alisation d&rsquo;<a href=\"http:\/\/www.yacht-energy.fr\/electricite-marine-generale\/eclairage\/\">\u00e9clairage <\/a>domotis\u00e9.<\/p>","protected":false},"excerpt":{"rendered":"<p>Nous intervenons pour le contr\u00f4le et le remplacement de vos batteries de servitude (service), de d\u00e9marrage moteur, de radio, de syst\u00e8mes d&rsquo;urgence et de secours. Toutes les marques sont repr\u00e9sent\u00e9es selon vos besoins ou vos exigences. Batteries acide ou gel de marques optima, fiam, maxxima, varta, mastervolt etc&#8230; Nous assurons le contr\u00f4le de la charge [&hellip;]<\/p>","protected":false},"author":1,"featured_media":0,"parent":0,"menu_order":0,"comment_status":"closed","ping_status":"closed","template":"","meta":[],"_links":{"self":[{"href":"http:\/\/www.yacht-energy.net\/en\/wp-json\/wp\/v2\/pages\/37"}],"collection":[{"href":"http:\/\/www.yacht-energy.net\/en\/wp-json\/wp\/v2\/pages"}],"about":[{"href":"http:\/\/www.yacht-energy.net\/en\/wp-json\/wp\/v2\/types\/page"}],"author":[{"embeddable":true,"href":"http:\/\/www.yacht-energy.net\/en\/wp-json\/wp\/v2\/users\/1"}],"replies":[{"embeddable":true,"href":"http:\/\/www.yacht-energy.net\/en\/wp-json\/wp\/v2\/comments?post=37"}],"version-history":[{"count":0,"href":"http:\/\/www.yacht-energy.net\/en\/wp-json\/wp\/v2\/pages\/37\/revisions"}],"wp:attachment":[{"href":"http:\/\/www.yacht-energy.net\/en\/wp-json\/wp\/v2\/media?parent=37"}],"curies":[{"name":"wp","href":"https:\/\/api.w.org\/{rel}","templated":true}]}}