{"id":426,"date":"2010-01-15T13:19:52","date_gmt":"2010-01-15T13:19:52","guid":{"rendered":"http:\/\/www.yacht-energy.fr\/?page_id=2"},"modified":"2020-12-12T23:14:33","modified_gmt":"2020-12-12T22:14:33","slug":"a-propos","status":"publish","type":"page","link":"http:\/\/www.yacht-energy.net\/en\/","title":{"rendered":"Home"},"content":{"rendered":"<p>Avec <strong>25 ans d&rsquo;exp\u00e9rience<\/strong> dans les domaines du nautisme et de l&rsquo;industrie, nous sommes en mesure de vous assurer un service de qualit\u00e9 et de proximit\u00e9 dans tous les domaines de l&rsquo;\u00e9lectricit\u00e9 marine et navale sur la cote d&rsquo;azur, de San remo \u00e0 St tropez en passant par les ports de Monaco, Nice, Antibes ou Cannes.<\/p>\n<p><img loading=\"lazy\" class=\"wp-image-48 size-medium aligncenter\" title=\"Home\" src=\"http:\/\/www.yacht-energy.net\/wp-content\/uploads\/2020\/07\/winchsham-300x169.jpg\" alt=\"\" width=\"300\" height=\"169\" srcset=\"http:\/\/www.yacht-energy.net\/wp-content\/uploads\/2020\/07\/winchsham-300x169.jpg 300w, http:\/\/www.yacht-energy.net\/wp-content\/uploads\/2020\/07\/winchsham-768x432.jpg 768w, http:\/\/www.yacht-energy.net\/wp-content\/uploads\/2020\/07\/winchsham.jpg 960w\" sizes=\"(max-width: 300px) 100vw, 300px\" \/><\/p>\n<p>Nous avons aussi les comp\u00e9tences\u00a0pour toutes \u00e9tudes, installations et r\u00e9parations de tous syst\u00e8mes de r\u00e9frig\u00e9ration et d&rsquo;air conditionn\u00e9 (climatisation) toutes marques dont FRIGIT FRIGOMAR CONDARIA CRUISER MARINER BITZER DANFOSS , mais aussi en d\u00e9veloppement et maintenance de supervisions, automatisation de process, gestion de niveau, pms, r\u00e9gulation, d\u00e9tection incendie, etc&#8230;<\/p>\n<p>Nous sommes \u00e9quip\u00e9s des outils de programmation ABB WAGO OMRON SIEMENS TWIDO VEGA DEIF CODESYS WOODWARD<\/p>\n<p>Toujours \u00e0 la pointe de la technologie nous sommes les premiers \u00e0 nous \u00eatre dot\u00e9 d&rsquo;outils de maintenance tr\u00e8s performants comme une <strong><a href=\"http:\/\/www.yacht-energy.fr\/securite\/thermographie\/\">cam\u00e9ra thermique infrarouge<\/a><\/strong>.<\/p>\n<p>D\u00e9tenteur d&rsquo;une attestation de capacit\u00e9 de cat\u00e9gorie 1 pour la manipulation des fluides frigorig\u00e8nes (attestation num\u00e9ro 25454)<\/p>\n<p style=\"text-align: center;\">En ce moment profitez d&rsquo;un contr\u00f4le <a class=\"aligncenter\" title=\"contr\u00f4le gratuit\" href=\"http:\/\/www.yacht-energy.fr\/electricite-marine-generale\/batteries\/controle-gratuit\/\" target=\"_self\" rel=\"noopener\"><strong><em>GRATUIT<\/em><\/strong> <\/a>de vos batteries<\/p>","protected":false},"excerpt":{"rendered":"<p>Avec 25 ans d&rsquo;exp\u00e9rience dans les domaines du nautisme et de l&rsquo;industrie, nous sommes en mesure de vous assurer un service de qualit\u00e9 et de proximit\u00e9 dans tous les domaines de l&rsquo;\u00e9lectricit\u00e9 marine et navale sur la cote d&rsquo;azur, de San remo \u00e0 St tropez en passant par les ports de Monaco, Nice, Antibes ou [&hellip;]<\/p>","protected":false},"author":1,"featured_media":0,"parent":0,"menu_order":0,"comment_status":"closed","ping_status":"closed","template":"","meta":[],"_links":{"self":[{"href":"http:\/\/www.yacht-energy.net\/en\/wp-json\/wp\/v2\/pages\/426"}],"collection":[{"href":"http:\/\/www.yacht-energy.net\/en\/wp-json\/wp\/v2\/pages"}],"about":[{"href":"http:\/\/www.yacht-energy.net\/en\/wp-json\/wp\/v2\/types\/page"}],"author":[{"embeddable":true,"href":"http:\/\/www.yacht-energy.net\/en\/wp-json\/wp\/v2\/users\/1"}],"replies":[{"embeddable":true,"href":"http:\/\/www.yacht-energy.net\/en\/wp-json\/wp\/v2\/comments?post=426"}],"version-history":[{"count":3,"href":"http:\/\/www.yacht-energy.net\/en\/wp-json\/wp\/v2\/pages\/426\/revisions"}],"predecessor-version":[{"id":701,"href":"http:\/\/www.yacht-energy.net\/en\/wp-json\/wp\/v2\/pages\/426\/revisions\/701"}],"wp:attachment":[{"href":"http:\/\/www.yacht-energy.net\/en\/wp-json\/wp\/v2\/media?parent=426"}],"curies":[{"name":"wp","href":"https:\/\/api.w.org\/{rel}","templated":true}]}}