{"id":624,"date":"2010-01-15T21:59:16","date_gmt":"2010-01-15T21:59:16","guid":{"rendered":"http:\/\/www.yacht-energy.fr\/?page_id=65"},"modified":"2010-01-15T21:59:16","modified_gmt":"2010-01-15T21:59:16","slug":"securite","status":"publish","type":"page","link":"http:\/\/www.yacht-energy.net\/en\/securite\/","title":{"rendered":"securite"},"content":{"rendered":"<p style=\"text-align: left;\">La s\u00e9curit\u00e9 \u00e0 bord c&rsquo;est:<\/p>\n<ul style=\"text-align: left;\">\n<li>La s\u00e9curit\u00e9 incendie:<\/li>\n<\/ul>\n<p>Intervention pour d\u00e9pannage ou maintenance sur tous syst\u00e8mes et toutes centrales d&rsquo;alarme incendie. (electroidea, marinelec, cerberus, minerva, etc&#8230;)<\/p>\n<ul style=\"text-align: left;\">\n<li>L&rsquo;alarme anti intrusion et anti vol:<\/li>\n<\/ul>\n<p>Du syst\u00e8me simple aux syst\u00e8mes \u00e9volu\u00e9s avec g\u00e9olocalisation et antenne gsm int\u00e9gr\u00e9e pour envoi de sms.<\/p>\n<ul style=\"text-align: left;\">\n<li>La s\u00e9curit\u00e9 \u00e9lectrique des personnes et des \u00e9quipements:<\/li>\n<\/ul>\n<ol style=\"text-align: left;\">\n<li>Contr\u00f4le m\u00e9ghometrique d&rsquo;isolement et rapport megatest d\u00e9taill\u00e9.(conforme aux exigences llyods, mca, rina, veritas, etc&#8230;)<\/li>\n<li>Contr\u00f4le thermographique \u00e0 l&rsquo;aide d&rsquo;une cam\u00e9ra thermique infra rouge<\/li>\n<li>Bilan des consommations avec analyseur d&rsquo;\u00e9nergie<\/li>\n<\/ol>","protected":false},"excerpt":{"rendered":"<p>La s\u00e9curit\u00e9 \u00e0 bord c&rsquo;est: La s\u00e9curit\u00e9 incendie: Intervention pour d\u00e9pannage ou maintenance sur tous syst\u00e8mes et toutes centrales d&rsquo;alarme incendie. (electroidea, marinelec, cerberus, minerva, etc&#8230;) L&rsquo;alarme anti intrusion et anti vol: Du syst\u00e8me simple aux syst\u00e8mes \u00e9volu\u00e9s avec g\u00e9olocalisation et antenne gsm int\u00e9gr\u00e9e pour envoi de sms. La s\u00e9curit\u00e9 \u00e9lectrique des personnes et des [&hellip;]<\/p>","protected":false},"author":1,"featured_media":0,"parent":0,"menu_order":0,"comment_status":"closed","ping_status":"closed","template":"","meta":[],"_links":{"self":[{"href":"http:\/\/www.yacht-energy.net\/en\/wp-json\/wp\/v2\/pages\/624"}],"collection":[{"href":"http:\/\/www.yacht-energy.net\/en\/wp-json\/wp\/v2\/pages"}],"about":[{"href":"http:\/\/www.yacht-energy.net\/en\/wp-json\/wp\/v2\/types\/page"}],"author":[{"embeddable":true,"href":"http:\/\/www.yacht-energy.net\/en\/wp-json\/wp\/v2\/users\/1"}],"replies":[{"embeddable":true,"href":"http:\/\/www.yacht-energy.net\/en\/wp-json\/wp\/v2\/comments?post=624"}],"version-history":[{"count":0,"href":"http:\/\/www.yacht-energy.net\/en\/wp-json\/wp\/v2\/pages\/624\/revisions"}],"wp:attachment":[{"href":"http:\/\/www.yacht-energy.net\/en\/wp-json\/wp\/v2\/media?parent=624"}],"curies":[{"name":"wp","href":"https:\/\/api.w.org\/{rel}","templated":true}]}}