{"id":628,"date":"2010-01-17T14:30:20","date_gmt":"2010-01-17T14:30:20","guid":{"rendered":"http:\/\/www.yacht-energy.fr\/?page_id=99"},"modified":"2010-01-17T14:30:20","modified_gmt":"2010-01-17T14:30:20","slug":"air-et-eau","status":"publish","type":"page","link":"http:\/\/www.yacht-energy.net\/en\/air-et-eau\/","title":{"rendered":"air et eau"},"content":{"rendered":"<ul>\n<li><a href=\"http:\/\/www.yacht-energy.fr\/?page_id=105\"><span style=\"text-decoration: underline;\">Production d&rsquo;eau douce: <\/span><\/a><br \/>\nNous assurons l&rsquo;installation, la maintenance, l&rsquo;hivernage sur tous types de dessalinisateurs \u00e0 cannes et dans ses environs.<br \/>\nLa r\u00e9vision ou la r\u00e9fection des pompes haute pression \u00e0 clapets (interpump, cat) ainsi que des pompes basses pression \u00e9quipant toutes marques d&rsquo;osmoseurs tels que Idromar, Technicomar, hem etc&#8230;<span style=\"text-decoration: underline;\"><span style=\"text-decoration: underline;\"><span style=\"text-decoration: underline;\"><a href=\"http:\/\/www.yacht-energy.net\/wp-content\/uploads\/2010\/01\/mc2_duplex.jpg\"><img loading=\"lazy\" class=\"aligncenter size-medium wp-image-117\" title=\"dessalinisateur idromar\" src=\"http:\/\/www.yacht-energy.net\/wp-content\/uploads\/2010\/01\/mc2_duplex-300x197.jpg\" alt=\"\" width=\"180\" height=\"118\" \/><\/a><\/span><\/span><\/span><\/li>\n<li><a href=\"http:\/\/www.yacht-energy.fr\/air-et-eau\/production-deau-chaude-et-bains\/\"><span style=\"text-decoration: underline;\">Production d&rsquo;eau chaude et bains<\/span><\/a><br \/>\nNettoyage ballon d&rsquo;eau chaude, mesure d&rsquo;isolement et remplacement de tous types de r\u00e9sistances et thermoplongeurs (rica, gianneschi).<br \/>\nIntervention sur spa, jacuzzi(mspa, teuco, kohler, etc&#8230;).<a href=\"http:\/\/www.yacht-energy.net\/wp-content\/uploads\/2010\/01\/spa.jpg\"><img loading=\"lazy\" class=\"aligncenter size-medium wp-image-119\" title=\"spa\" src=\"http:\/\/www.yacht-energy.net\/wp-content\/uploads\/2010\/01\/spa-300x225.jpg\" alt=\"\" width=\"210\" height=\"158\" \/><\/a><\/li>\n<li><a href=\"http:\/\/www.yacht-energy.fr\/air-et-eau\/extraction\/\"><span style=\"text-decoration: underline;\">Circulation d&rsquo;air, extraction, refroidissement<\/span><\/a><br \/>\nVentilateur salle des machines, extracteurs, \u00e9tudes a\u00e9raulique.<br \/>\nMaintenance p\u00e9riodique sur tous moteurs (gianneschi ramacciotti)<\/li>\n<li><a href=\"http:\/\/www.yacht-energy.fr\/air-et-eau\/eaux-grises-et-noires\/\"><span style=\"text-decoration: underline;\">Traitement des eaux grises et eaux noires<\/span><\/a><br \/>\nTous travaux.<\/li>\n<p><span style=\"text-decoration: underline;\"> <\/span><\/p>\n<li><a href=\"http:\/\/www.yacht-energy.fr\/air-et-eau\/air-conditionne\/\" target=\"_blank\" rel=\"noopener\"><span style=\"text-decoration: underline;\">Air conditionn\u00e9<\/span><\/a><\/li>\n<\/ul>","protected":false},"excerpt":{"rendered":"<p>Production d&rsquo;eau douce: Nous assurons l&rsquo;installation, la maintenance, l&rsquo;hivernage sur tous types de dessalinisateurs \u00e0 cannes et dans ses environs. La r\u00e9vision ou la r\u00e9fection des pompes haute pression \u00e0 clapets (interpump, cat) ainsi que des pompes basses pression \u00e9quipant toutes marques d&rsquo;osmoseurs tels que Idromar, Technicomar, hem etc&#8230; Production d&rsquo;eau chaude et bains Nettoyage [&hellip;]<\/p>","protected":false},"author":1,"featured_media":0,"parent":0,"menu_order":0,"comment_status":"closed","ping_status":"closed","template":"","meta":[],"_links":{"self":[{"href":"http:\/\/www.yacht-energy.net\/en\/wp-json\/wp\/v2\/pages\/628"}],"collection":[{"href":"http:\/\/www.yacht-energy.net\/en\/wp-json\/wp\/v2\/pages"}],"about":[{"href":"http:\/\/www.yacht-energy.net\/en\/wp-json\/wp\/v2\/types\/page"}],"author":[{"embeddable":true,"href":"http:\/\/www.yacht-energy.net\/en\/wp-json\/wp\/v2\/users\/1"}],"replies":[{"embeddable":true,"href":"http:\/\/www.yacht-energy.net\/en\/wp-json\/wp\/v2\/comments?post=628"}],"version-history":[{"count":0,"href":"http:\/\/www.yacht-energy.net\/en\/wp-json\/wp\/v2\/pages\/628\/revisions"}],"wp:attachment":[{"href":"http:\/\/www.yacht-energy.net\/en\/wp-json\/wp\/v2\/media?parent=628"}],"curies":[{"name":"wp","href":"https:\/\/api.w.org\/{rel}","templated":true}]}}