{"id":630,"date":"2010-01-17T14:34:54","date_gmt":"2010-01-17T14:34:54","guid":{"rendered":"http:\/\/www.yacht-energy.fr\/?page_id=105"},"modified":"2010-01-17T14:34:54","modified_gmt":"2010-01-17T14:34:54","slug":"production-deau-douce","status":"publish","type":"page","link":"http:\/\/www.yacht-energy.net\/en\/air-et-eau\/production-deau-douce\/","title":{"rendered":"production d&rsquo;eau douce"},"content":{"rendered":"<p>Pour les bateaux souvent au mouillage, la production d&rsquo;eau douce est primordiale, voir vitale.<\/p>\n<p>La maintenance des dessalinisateurs est donc tr\u00e8s importantes.<\/p>\n<p><strong>Yacht energy<\/strong> vous propose ses services pour:<\/p>\n<ul>\n<li>L&rsquo;hivernage:\u00a0 Cette op\u00e9ration consiste \u00e0 faire circuler un produit de nettoyage en circuit ferm\u00e9 dans les membranes puis un produit fixant.<\/li>\n<li>La r\u00e9vision des pompes: Les pompes hautes pression doivent \u00eatre r\u00e9vis\u00e9es r\u00e9guli\u00e8rement. Remplacement des joints roulements et clapets, tout comme les pompes basses pression (pompe interpump,cat, etc&#8230;)<\/li>\n<\/ul>\n<p><a href=\"http:\/\/www.yacht-energy.net\/wp-content\/uploads\/2010\/01\/interpump.jpg\"><img loading=\"lazy\" class=\"alignnone size-thumbnail wp-image-346\" title=\"interpump\" src=\"http:\/\/www.yacht-energy.net\/wp-content\/uploads\/2010\/01\/interpump-150x150.jpg\" alt=\"\" width=\"150\" height=\"150\" \/><\/a><a href=\"http:\/\/www.yacht-energy.net\/wp-content\/uploads\/2010\/01\/membranes1.jpg\"><img loading=\"lazy\" class=\"alignnone size-thumbnail wp-image-349\" title=\"membranes\" src=\"http:\/\/www.yacht-energy.net\/wp-content\/uploads\/2010\/01\/membranes1-150x150.jpg\" alt=\"\" width=\"150\" height=\"150\" \/><\/a><a href=\"http:\/\/www.yacht-energy.net\/wp-content\/uploads\/2010\/01\/cat1.jpg\"><img loading=\"lazy\" class=\"alignnone size-thumbnail wp-image-352\" title=\"cat1\" src=\"http:\/\/www.yacht-energy.net\/wp-content\/uploads\/2010\/01\/cat1-150x150.jpg\" alt=\"\" width=\"150\" height=\"150\" srcset=\"http:\/\/www.yacht-energy.net\/wp-content\/uploads\/2010\/01\/cat1-150x150.jpg 150w, http:\/\/www.yacht-energy.net\/wp-content\/uploads\/2010\/01\/cat1-300x300.jpg 300w, http:\/\/www.yacht-energy.net\/wp-content\/uploads\/2010\/01\/cat1-12x12.jpg 12w, http:\/\/www.yacht-energy.net\/wp-content\/uploads\/2010\/01\/cat1-100x100.jpg 100w, http:\/\/www.yacht-energy.net\/wp-content\/uploads\/2010\/01\/cat1-200x200.jpg 200w, http:\/\/www.yacht-energy.net\/wp-content\/uploads\/2010\/01\/cat1-450x450.jpg 450w, http:\/\/www.yacht-energy.net\/wp-content\/uploads\/2010\/01\/cat1.jpg 600w\" sizes=\"(max-width: 150px) 100vw, 150px\" \/><\/a><\/p>\n<ul>\n<li>Le contr\u00f4le de l&rsquo;\u00e9tanch\u00e9it\u00e9 et de la\u00a0 corrosion.<\/li>\n<\/ul>\n<p>Nous pouvons intervenir et vous proposez du mat\u00e9riel de rechange pour toutes les marques d&rsquo;osmoseurs tels que idromar, Tecnicomar, searecovery etc&#8230;<\/p>\n<p><a href=\"http:\/\/www.yacht-energy.net\/wp-content\/uploads\/2010\/01\/mc2_duplex.jpg\"><img loading=\"lazy\" class=\"size-thumbnail wp-image-117 alignleft\" title=\"mc2_duplex\" src=\"http:\/\/www.yacht-energy.net\/wp-content\/uploads\/2010\/01\/mc2_duplex-150x150.jpg\" alt=\"\" width=\"150\" height=\"150\" \/><\/a><a href=\"http:\/\/www.yacht-energy.net\/wp-content\/uploads\/2010\/01\/searecovery.jpg\"><img loading=\"lazy\" class=\"size-full wp-image-339 alignright\" title=\"searecovery\" src=\"http:\/\/www.yacht-energy.net\/wp-content\/uploads\/2010\/01\/searecovery.jpg\" alt=\"\" width=\"91\" height=\"69\" srcset=\"http:\/\/www.yacht-energy.net\/wp-content\/uploads\/2010\/01\/searecovery.jpg 91w, http:\/\/www.yacht-energy.net\/wp-content\/uploads\/2010\/01\/searecovery-16x12.jpg 16w\" sizes=\"(max-width: 91px) 100vw, 91px\" \/><\/a><\/p>\n<p><a href=\"http:\/\/www.yacht-energy.net\/wp-content\/uploads\/2010\/01\/tecni_modularlrg.jpg\"><img loading=\"lazy\" class=\"aligncenter size-thumbnail wp-image-340\" title=\"tecni_modularlrg\" src=\"http:\/\/www.yacht-energy.net\/wp-content\/uploads\/2010\/01\/tecni_modularlrg-150x150.jpg\" alt=\"\" width=\"150\" height=\"150\" \/><\/a><\/p>","protected":false},"excerpt":{"rendered":"<p>Pour les bateaux souvent au mouillage, la production d&rsquo;eau douce est primordiale, voir vitale. La maintenance des dessalinisateurs est donc tr\u00e8s importantes. Yacht energy vous propose ses services pour: L&rsquo;hivernage:\u00a0 Cette op\u00e9ration consiste \u00e0 faire circuler un produit de nettoyage en circuit ferm\u00e9 dans les membranes puis un produit fixant. La r\u00e9vision des pompes: Les [&hellip;]<\/p>","protected":false},"author":1,"featured_media":0,"parent":628,"menu_order":0,"comment_status":"closed","ping_status":"closed","template":"","meta":[],"_links":{"self":[{"href":"http:\/\/www.yacht-energy.net\/en\/wp-json\/wp\/v2\/pages\/630"}],"collection":[{"href":"http:\/\/www.yacht-energy.net\/en\/wp-json\/wp\/v2\/pages"}],"about":[{"href":"http:\/\/www.yacht-energy.net\/en\/wp-json\/wp\/v2\/types\/page"}],"author":[{"embeddable":true,"href":"http:\/\/www.yacht-energy.net\/en\/wp-json\/wp\/v2\/users\/1"}],"replies":[{"embeddable":true,"href":"http:\/\/www.yacht-energy.net\/en\/wp-json\/wp\/v2\/comments?post=630"}],"version-history":[{"count":0,"href":"http:\/\/www.yacht-energy.net\/en\/wp-json\/wp\/v2\/pages\/630\/revisions"}],"up":[{"embeddable":true,"href":"http:\/\/www.yacht-energy.net\/en\/wp-json\/wp\/v2\/pages\/628"}],"wp:attachment":[{"href":"http:\/\/www.yacht-energy.net\/en\/wp-json\/wp\/v2\/media?parent=630"}],"curies":[{"name":"wp","href":"https:\/\/api.w.org\/{rel}","templated":true}]}}