{"id":634,"date":"2010-01-20T18:36:41","date_gmt":"2010-01-20T18:36:41","guid":{"rendered":"http:\/\/www.yacht-energy.fr\/?page_id=124"},"modified":"2010-01-20T18:36:41","modified_gmt":"2010-01-20T18:36:41","slug":"thermographie","status":"publish","type":"page","link":"http:\/\/www.yacht-energy.net\/en\/securite\/thermographie\/","title":{"rendered":"thermographie"},"content":{"rendered":"<p><strong>La pr\u00e9vention incendie et panne <\/strong><\/p>\n<p><strong><br \/>\n<\/strong><\/p>\n<p><strong><em>L&rsquo;imagerie par infrarouge, la thermographie: <\/em><\/strong><br \/>\n<a href=\"http:\/\/www.yacht-energy.net\/wp-content\/uploads\/2010\/01\/cam.jpg\"><img loading=\"lazy\" class=\"size-full wp-image-129 alignleft\" title=\"camera thermique fluke TI10\" src=\"http:\/\/www.yacht-energy.net\/wp-content\/uploads\/2010\/01\/cam.jpg\" alt=\"\" width=\"72\" height=\"85\" \/><\/a>En un instant, avec cette camera thermique, nous sommes capables de d\u00e9tecter des d\u00e9fauts invisbles \u00e0 l&rsquo;oeil nu.<br \/>\nPar affichage instantan\u00e9 des temp\u00e9ratures dyamiques de tout \u00e9l\u00e9ment, la d\u00e9tection d&rsquo;une anomalie pouvant avoir de grandes cons\u00e9quences \u00e0 bord est devenue facile.<br \/>\nEchauffement \u00e9lectrique, d\u00e9s\u00e9quilibrage de phase, mauvaises connections, \u00e9l\u00e9ments de batterie d\u00e9fectueux, moteurs, roulements, courroies, circuit d&rsquo;eau, de gaz de carburant, d&rsquo;echappement etc&#8230;<br \/>\nUn diagnostique technique complet avec rapport et photos est \u00e9tabli afin de d\u00e9finir les priorit\u00e9s sur la maintenance pr\u00e9ventive \u00e0 apporter.<\/p>\n<p style=\"text-align: center;\">\n<p style=\"text-align: center;\">\n<p style=\"text-align: center;\">\n<p style=\"text-align: center;\">\n<p style=\"text-align: left;\"><strong><em>Exemples:<\/em><\/strong><strong><em><strong><em><strong><em> <\/em><\/strong><\/em><\/strong><\/em><\/strong><\/p>\n<figure id=\"attachment_126\" aria-describedby=\"caption-attachment-126\" style=\"width: 150px\" class=\"wp-caption alignleft\"><strong><em><strong><em><strong><em><strong><em><strong><em><strong><em><strong><em><strong><em><strong><em><strong><em><a href=\"http:\/\/www.yacht-energy.net\/wp-content\/uploads\/2010\/01\/fuse.jpg\"><img loading=\"lazy\" class=\"size-full wp-image-126\" title=\"mauvaise connection\" src=\"http:\/\/www.yacht-energy.net\/wp-content\/uploads\/2010\/01\/fuse.jpg\" alt=\"\" width=\"150\" height=\"119\" \/><\/a><\/em><\/strong><\/em><\/strong><\/em><\/strong><\/em><\/strong><\/em><\/strong><\/em><\/strong><\/em><\/strong><\/em><\/strong><\/em><\/strong><\/em><\/strong><figcaption id=\"caption-attachment-126\" class=\"wp-caption-text\">defaut de connection<\/figcaption><\/figure>\n<p><strong><em><strong><em><strong><em> <\/em><\/strong><\/em><\/strong><\/em><\/strong><\/p>\n<figure id=\"attachment_136\" aria-describedby=\"caption-attachment-136\" style=\"width: 144px\" class=\"wp-caption alignleft\"><a href=\"http:\/\/www.yacht-energy.net\/wp-content\/uploads\/2010\/01\/elec.jpg\"><img loading=\"lazy\" class=\"size-medium wp-image-136\" title=\"surcharge d\u00e9s\u00e9quilibre de phases\" src=\"http:\/\/www.yacht-energy.net\/wp-content\/uploads\/2010\/01\/elec-300x225.jpg\" alt=\"\" width=\"144\" height=\"108\" \/><\/a><figcaption id=\"caption-attachment-136\" class=\"wp-caption-text\">surcharge d\u00e9s\u00e9quilibre de phases<\/figcaption><\/figure>\n<p><strong><em> <\/em><\/strong><\/p>\n<p><strong><em><strong><em><strong><em> <\/em><\/strong><\/em><\/strong><\/em><\/strong><\/p>\n<dt class=\"wp-caption-dt\" style=\"text-align: center;\"><strong><em><strong><em><strong><em> <\/em><\/strong><\/em><\/strong><\/em><\/strong><strong><em><strong><em><strong><em> <\/em><\/strong><\/em><\/strong><\/em><\/strong><strong><em><strong><em><strong><em> <\/em><\/strong><\/em><\/strong><\/em><\/strong><\/p>\n<p><strong><em><strong><em><strong><em> <\/em><\/strong><\/em><\/strong><\/em><\/strong><\/p>\n<p><strong><em><strong><em><strong><em> <\/em><\/strong><\/em><\/strong><\/em><\/strong><\/p>\n<p><strong><em><strong><em><strong><em> <\/em><\/strong><\/em><\/strong><\/em><\/strong><\/p>\n<p><strong><em><strong><em><strong><em> <\/em><\/strong><\/em><\/strong><\/em><\/strong><\/p>\n<p><strong><em><strong><em><strong><em> <\/em><\/strong><\/em><\/strong><\/em><\/strong><\/p>\n<p><strong><em> <\/em><\/strong><\/p>\n<\/dt>\n<figure id=\"attachment_125\" aria-describedby=\"caption-attachment-125\" style=\"width: 154px\" class=\"wp-caption alignleft\"><a href=\"http:\/\/www.yacht-energy.net\/wp-content\/uploads\/2010\/01\/certi.jpg\"><img loading=\"lazy\" class=\"size-medium wp-image-125\" title=\"cosse\" src=\"http:\/\/www.yacht-energy.net\/wp-content\/uploads\/2010\/01\/certi-300x225.jpg\" alt=\"\" width=\"154\" height=\"116\" \/><\/a><figcaption id=\"caption-attachment-125\" class=\"wp-caption-text\">defaut de sertissage<\/figcaption><\/figure>","protected":false},"excerpt":{"rendered":"<p>La pr\u00e9vention incendie et panne L&rsquo;imagerie par infrarouge, la thermographie: En un instant, avec cette camera thermique, nous sommes capables de d\u00e9tecter des d\u00e9fauts invisbles \u00e0 l&rsquo;oeil nu. Par affichage instantan\u00e9 des temp\u00e9ratures dyamiques de tout \u00e9l\u00e9ment, la d\u00e9tection d&rsquo;une anomalie pouvant avoir de grandes cons\u00e9quences \u00e0 bord est devenue facile. Echauffement \u00e9lectrique, d\u00e9s\u00e9quilibrage de [&hellip;]<\/p>","protected":false},"author":1,"featured_media":0,"parent":624,"menu_order":0,"comment_status":"closed","ping_status":"closed","template":"","meta":[],"_links":{"self":[{"href":"http:\/\/www.yacht-energy.net\/en\/wp-json\/wp\/v2\/pages\/634"}],"collection":[{"href":"http:\/\/www.yacht-energy.net\/en\/wp-json\/wp\/v2\/pages"}],"about":[{"href":"http:\/\/www.yacht-energy.net\/en\/wp-json\/wp\/v2\/types\/page"}],"author":[{"embeddable":true,"href":"http:\/\/www.yacht-energy.net\/en\/wp-json\/wp\/v2\/users\/1"}],"replies":[{"embeddable":true,"href":"http:\/\/www.yacht-energy.net\/en\/wp-json\/wp\/v2\/comments?post=634"}],"version-history":[{"count":0,"href":"http:\/\/www.yacht-energy.net\/en\/wp-json\/wp\/v2\/pages\/634\/revisions"}],"up":[{"embeddable":true,"href":"http:\/\/www.yacht-energy.net\/en\/wp-json\/wp\/v2\/pages\/624"}],"wp:attachment":[{"href":"http:\/\/www.yacht-energy.net\/en\/wp-json\/wp\/v2\/media?parent=634"}],"curies":[{"name":"wp","href":"https:\/\/api.w.org\/{rel}","templated":true}]}}