{"id":636,"date":"2010-02-02T18:42:32","date_gmt":"2010-02-02T18:42:32","guid":{"rendered":"http:\/\/www.yacht-energy.fr\/?page_id=239"},"modified":"2010-02-02T18:42:32","modified_gmt":"2010-02-02T18:42:32","slug":"guindeaux-2","status":"publish","type":"page","link":"http:\/\/www.yacht-energy.net\/en\/electricite-marine-generale\/guindeaux-2\/","title":{"rendered":"guindeaux"},"content":{"rendered":"<p>R\u00e9paration, maintenance pr\u00e9ventive, entretien courant, vidange, analyse d&rsquo;huile et pi\u00e8ces d\u00e9tach\u00e9es pour guindeaux, winchs de marque : Lofran (ercole tigre etc&#8230;), orvea, maxwell, orvea, bonfiglioli.<\/p>\n<p><a href=\"http:\/\/www.yacht-energy.net\/wp-content\/uploads\/2010\/02\/Orvea-vericelli-elettrici.jpg\"><img loading=\"lazy\" class=\"alignleft size-thumbnail wp-image-445\" title=\"Orvea-vericelli-elettrici\" src=\"http:\/\/www.yacht-energy.net\/wp-content\/uploads\/2010\/02\/Orvea-vericelli-elettrici-150x150.jpg\" alt=\"\" width=\"150\" height=\"150\" srcset=\"http:\/\/www.yacht-energy.net\/wp-content\/uploads\/2010\/02\/Orvea-vericelli-elettrici-150x150.jpg 150w, http:\/\/www.yacht-energy.net\/wp-content\/uploads\/2010\/02\/Orvea-vericelli-elettrici-11x12.jpg 11w\" sizes=\"(max-width: 150px) 100vw, 150px\" \/><\/a><a href=\"http:\/\/www.yacht-energy.net\/wp-content\/uploads\/2010\/02\/ercole.jpg\"><img loading=\"lazy\" class=\"aligncenter size-thumbnail wp-image-446\" title=\"ercole\" src=\"http:\/\/www.yacht-energy.net\/wp-content\/uploads\/2010\/02\/ercole-1-150x150.jpg\" alt=\"\" width=\"150\" height=\"150\" \/><\/a><\/p>","protected":false},"excerpt":{"rendered":"<p>R\u00e9paration, maintenance pr\u00e9ventive, entretien courant, vidange, analyse d&rsquo;huile et pi\u00e8ces d\u00e9tach\u00e9es pour guindeaux, winchs de marque : Lofran (ercole tigre etc&#8230;), orvea, maxwell, orvea, bonfiglioli.<\/p>","protected":false},"author":1,"featured_media":0,"parent":37,"menu_order":0,"comment_status":"closed","ping_status":"closed","template":"","meta":[],"_links":{"self":[{"href":"http:\/\/www.yacht-energy.net\/en\/wp-json\/wp\/v2\/pages\/636"}],"collection":[{"href":"http:\/\/www.yacht-energy.net\/en\/wp-json\/wp\/v2\/pages"}],"about":[{"href":"http:\/\/www.yacht-energy.net\/en\/wp-json\/wp\/v2\/types\/page"}],"author":[{"embeddable":true,"href":"http:\/\/www.yacht-energy.net\/en\/wp-json\/wp\/v2\/users\/1"}],"replies":[{"embeddable":true,"href":"http:\/\/www.yacht-energy.net\/en\/wp-json\/wp\/v2\/comments?post=636"}],"version-history":[{"count":0,"href":"http:\/\/www.yacht-energy.net\/en\/wp-json\/wp\/v2\/pages\/636\/revisions"}],"up":[{"embeddable":true,"href":"http:\/\/www.yacht-energy.net\/en\/wp-json\/wp\/v2\/pages\/37"}],"wp:attachment":[{"href":"http:\/\/www.yacht-energy.net\/en\/wp-json\/wp\/v2\/media?parent=636"}],"curies":[{"name":"wp","href":"https:\/\/api.w.org\/{rel}","templated":true}]}}