{"id":637,"date":"2010-02-02T18:42:56","date_gmt":"2010-02-02T18:42:56","guid":{"rendered":"http:\/\/www.yacht-energy.fr\/?page_id=241"},"modified":"2010-02-02T18:42:56","modified_gmt":"2010-02-02T18:42:56","slug":"eclairage-2","status":"publish","type":"page","link":"http:\/\/www.yacht-energy.net\/en\/electricite-marine-generale\/eclairage-2\/","title":{"rendered":"eclairage"},"content":{"rendered":"<p><a href=\"http:\/\/www.yacht-energy.net\/wp-content\/uploads\/2010\/02\/sanshin.jpg\"><img loading=\"lazy\" class=\"size-thumbnail wp-image-433 alignright\" title=\"sanshin\" src=\"http:\/\/www.yacht-energy.net\/wp-content\/uploads\/2010\/02\/sanshin-1-150x150.jpg\" alt=\"\" width=\"90\" height=\"90\" \/><\/a><\/p>\n<ul>\n<li><em>\u00c9clairage int\u00e9rieur<\/em><\/li>\n<\/ul>\n<p style=\"text-align: left;\">Fourniture et d\u00e9pannage de tout type de spots ou luminaires. Syst\u00e8me classique ou \u00e0 led.<\/p>\n<p style=\"text-align: left;\">Sp\u00e9cialis\u00e9 dans la domotique, la r\u00e9gulation et la variation de lumi\u00e8re.<\/p>\n<p style=\"text-align: left;\">Toutes marques disponibles comme: Cantalupi, Hella marine, Palagi, domolighting, yokis, tecnel, vimar, bticcino, sanshin, etc&#8230;<\/p>\n<p style=\"text-align: left;\">\n<p style=\"text-align: center;\">\n<figure id=\"attachment_410\" aria-describedby=\"caption-attachment-410\" style=\"width: 150px\" class=\"wp-caption aligncenter\"><a href=\"http:\/\/www.yacht-energy.net\/wp-content\/uploads\/2010\/02\/cantieri-baglietto-baglietto-blue-princess-star4.jpg\"><img loading=\"lazy\" class=\"size-thumbnail wp-image-410\" title=\"cantieri-baglietto-baglietto-blue-princess-star4\" src=\"http:\/\/www.yacht-energy.net\/wp-content\/uploads\/2010\/02\/cantieri-baglietto-baglietto-blue-princess-star4-150x150.jpg\" alt=\"\" width=\"150\" height=\"150\" \/><\/a><figcaption id=\"caption-attachment-410\" class=\"wp-caption-text\"> <\/figcaption><\/figure>\n<ul>\n<li><em>\u00c9clairage ext\u00e9rieur<\/em><\/li>\n<\/ul>\n<p>Flood lights, coursives, ponts, sous marin, projecteur de recherche ou de poursuite, \u00e9clairage de nom personnalis\u00e9.<\/p>\n<p><a href=\"http:\/\/www.yacht-energy.net\/wp-content\/uploads\/2010\/02\/exterieur1.jpg\"><img loading=\"lazy\" class=\"aligncenter size-thumbnail wp-image-424\" title=\"exterieur\" src=\"http:\/\/www.yacht-energy.net\/wp-content\/uploads\/2010\/02\/exterieur1-150x150.jpg\" alt=\"\" width=\"150\" height=\"150\" \/><\/a><\/p>\n<ul>\n<li><em>Feux de naviguation<\/em><\/li>\n<\/ul>\n<p>Feux de navigation standards ou \u00e0 led certifi\u00e9s MCA (lopolight) marine avec contr\u00f4le de fonctionnement \u00e9lectronique.<\/p>\n<p style=\"text-align: center;\"><a href=\"http:\/\/www.yacht-energy.net\/wp-content\/uploads\/2010\/02\/new-masthead-decklight-1.jpg\"><img loading=\"lazy\" class=\"aligncenter size-thumbnail wp-image-426\" title=\"feu de naviguation \u00e0 led feux de mat et de pont\" src=\"http:\/\/www.yacht-energy.net\/wp-content\/uploads\/2010\/02\/new-masthead-decklight-1-150x150.jpg\" alt=\"\" width=\"150\" height=\"150\" \/><\/a><\/p>\n<p>La technologie led est maintenant tr\u00e8s avanc\u00e9e et parfaitement adapt\u00e9e au milieu marin.<\/p>\n<p>La faible consommation en \u00e9nergie multiplie les usages sans contrainte d&rsquo;autonomie des batteries.<\/p>","protected":false},"excerpt":{"rendered":"<p>\u00c9clairage int\u00e9rieur Fourniture et d\u00e9pannage de tout type de spots ou luminaires. Syst\u00e8me classique ou \u00e0 led. Sp\u00e9cialis\u00e9 dans la domotique, la r\u00e9gulation et la variation de lumi\u00e8re. Toutes marques disponibles comme: Cantalupi, Hella marine, Palagi, domolighting, yokis, tecnel, vimar, bticcino, sanshin, etc&#8230; \u00c9clairage ext\u00e9rieur Flood lights, coursives, ponts, sous marin, projecteur de recherche ou [&hellip;]<\/p>","protected":false},"author":1,"featured_media":0,"parent":37,"menu_order":0,"comment_status":"closed","ping_status":"closed","template":"","meta":[],"_links":{"self":[{"href":"http:\/\/www.yacht-energy.net\/en\/wp-json\/wp\/v2\/pages\/637"}],"collection":[{"href":"http:\/\/www.yacht-energy.net\/en\/wp-json\/wp\/v2\/pages"}],"about":[{"href":"http:\/\/www.yacht-energy.net\/en\/wp-json\/wp\/v2\/types\/page"}],"author":[{"embeddable":true,"href":"http:\/\/www.yacht-energy.net\/en\/wp-json\/wp\/v2\/users\/1"}],"replies":[{"embeddable":true,"href":"http:\/\/www.yacht-energy.net\/en\/wp-json\/wp\/v2\/comments?post=637"}],"version-history":[{"count":0,"href":"http:\/\/www.yacht-energy.net\/en\/wp-json\/wp\/v2\/pages\/637\/revisions"}],"up":[{"embeddable":true,"href":"http:\/\/www.yacht-energy.net\/en\/wp-json\/wp\/v2\/pages\/37"}],"wp:attachment":[{"href":"http:\/\/www.yacht-energy.net\/en\/wp-json\/wp\/v2\/media?parent=637"}],"curies":[{"name":"wp","href":"https:\/\/api.w.org\/{rel}","templated":true}]}}