{"id":638,"date":"2010-05-03T18:13:16","date_gmt":"2010-05-03T16:13:16","guid":{"rendered":"http:\/\/www.yacht-energy.fr\/?page_id=448"},"modified":"2010-05-03T18:13:16","modified_gmt":"2010-05-03T16:13:16","slug":"certification-llyods-mca-veritas-dna","status":"publish","type":"page","link":"http:\/\/www.yacht-energy.net\/en\/securite\/certification-llyods-mca-veritas-dna\/","title":{"rendered":"certification llyods mca veritas dna"},"content":{"rendered":"<p style=\"text-align: center;\"><em><strong>Nous vous aidons \u00e0 la mise en conformit\u00e9 de votre navire!<\/strong><\/em><\/p>\n<ul>\n<li>Modification des feux de navigation<\/li>\n<li>Modification du syst\u00e8me d\u00e9tection incendie<\/li>\n<li>Modification des \u00e9clairages d&rsquo;\u00e9vacuation de secours<\/li>\n<li>D\u00e9tection de gaz et de fum\u00e9e<\/li>\n<li>Modification des avertisseurs visuels et sonores<\/li>\n<li>Modification des sources d&rsquo;\u00e9nergie<\/li>\n<\/ul>","protected":false},"excerpt":{"rendered":"<p>Nous vous aidons \u00e0 la mise en conformit\u00e9 de votre navire! Modification des feux de navigation Modification du syst\u00e8me d\u00e9tection incendie Modification des \u00e9clairages d&rsquo;\u00e9vacuation de secours D\u00e9tection de gaz et de fum\u00e9e Modification des avertisseurs visuels et sonores Modification des sources d&rsquo;\u00e9nergie<\/p>","protected":false},"author":1,"featured_media":0,"parent":624,"menu_order":0,"comment_status":"closed","ping_status":"closed","template":"","meta":[],"_links":{"self":[{"href":"http:\/\/www.yacht-energy.net\/en\/wp-json\/wp\/v2\/pages\/638"}],"collection":[{"href":"http:\/\/www.yacht-energy.net\/en\/wp-json\/wp\/v2\/pages"}],"about":[{"href":"http:\/\/www.yacht-energy.net\/en\/wp-json\/wp\/v2\/types\/page"}],"author":[{"embeddable":true,"href":"http:\/\/www.yacht-energy.net\/en\/wp-json\/wp\/v2\/users\/1"}],"replies":[{"embeddable":true,"href":"http:\/\/www.yacht-energy.net\/en\/wp-json\/wp\/v2\/comments?post=638"}],"version-history":[{"count":0,"href":"http:\/\/www.yacht-energy.net\/en\/wp-json\/wp\/v2\/pages\/638\/revisions"}],"up":[{"embeddable":true,"href":"http:\/\/www.yacht-energy.net\/en\/wp-json\/wp\/v2\/pages\/624"}],"wp:attachment":[{"href":"http:\/\/www.yacht-energy.net\/en\/wp-json\/wp\/v2\/media?parent=638"}],"curies":[{"name":"wp","href":"https:\/\/api.w.org\/{rel}","templated":true}]}}